{"id":443,"date":"2023-08-29T09:15:22","date_gmt":"2023-08-29T09:15:22","guid":{"rendered":"https:\/\/champagne-olivier.fr\/history-of-the-vineyards\/"},"modified":"2024-01-30T09:45:22","modified_gmt":"2024-01-30T09:45:22","slug":"history-of-the-vineyards","status":"publish","type":"page","link":"https:\/\/champagne-olivier.fr\/en\/history-of-the-vineyards\/","title":{"rendered":"History of <span>the vineyards<\/span>"},"content":{"rendered":"","protected":false},"excerpt":{"rendered":"","protected":false},"author":1,"featured_media":0,"parent":0,"menu_order":3,"comment_status":"closed","ping_status":"closed","template":"template-histoire-vignoble.php","meta":{"_acf_changed":false,"inline_featured_image":false,"footnotes":""},"class_list":["post-443","page","type-page","status-publish","hentry"],"acf":[],"yoast_head":"<!-- This site is optimized with the Yoast SEO plugin v24.7 - https:\/\/yoast.com\/wordpress\/plugins\/seo\/ -->\n<title>History of the vineyards - Champagne Olivier P\u00e8re &amp; Fils<\/title>\n<meta name=\"description\" content=\"L\u2019histoire de la Maison d\u00e9bute en 1910 avec Jules Olivier, v\u00e9ritable amoureux de la terre qui commence \u00e0 travailler la vigne.\" \/>\n<meta name=\"robots\" content=\"index, follow, max-snippet:-1, max-image-preview:large, max-video-preview:-1\" \/>\n<link rel=\"canonical\" href=\"https:\/\/champagne-olivier.fr\/en\/history-of-the-vineyards\/\" \/>\n<meta property=\"og:locale\" content=\"en_US\" \/>\n<meta property=\"og:type\" content=\"article\" \/>\n<meta property=\"og:title\" content=\"History of the vineyards - Champagne Olivier P\u00e8re &amp; Fils\" \/>\n<meta property=\"og:description\" content=\"L\u2019histoire de la Maison d\u00e9bute en 1910 avec Jules Olivier, v\u00e9ritable amoureux de la terre qui commence \u00e0 travailler la vigne.\" \/>\n<meta property=\"og:url\" content=\"https:\/\/champagne-olivier.fr\/en\/history-of-the-vineyards\/\" \/>\n<meta property=\"og:site_name\" content=\"Champagne Olivier P\u00e8re &amp; Fils\" \/>\n<meta property=\"article:publisher\" content=\"https:\/\/www.facebook.com\/champagneolivierpereetfils\" \/>\n<meta property=\"article:modified_time\" content=\"2024-01-30T09:45:22+00:00\" \/>\n<meta name=\"twitter:card\" content=\"summary_large_image\" \/>\n<script type=\"application\/ld+json\" class=\"yoast-schema-graph\">{\"@context\":\"https:\/\/schema.org\",\"@graph\":[{\"@type\":\"WebPage\",\"@id\":\"https:\/\/champagne-olivier.fr\/en\/history-of-the-vineyards\/\",\"url\":\"https:\/\/champagne-olivier.fr\/en\/history-of-the-vineyards\/\",\"name\":\"History of the vineyards - Champagne Olivier P\u00e8re &amp; Fils\",\"isPartOf\":{\"@id\":\"https:\/\/champagne-olivier.fr\/en\/#website\"},\"datePublished\":\"2023-08-29T09:15:22+00:00\",\"dateModified\":\"2024-01-30T09:45:22+00:00\",\"description\":\"L\u2019histoire de la Maison d\u00e9bute en 1910 avec Jules Olivier, v\u00e9ritable amoureux de la terre qui commence \u00e0 travailler la vigne.\",\"breadcrumb\":{\"@id\":\"https:\/\/champagne-olivier.fr\/en\/history-of-the-vineyards\/#breadcrumb\"},\"inLanguage\":\"en-US\",\"potentialAction\":[{\"@type\":\"ReadAction\",\"target\":[\"https:\/\/champagne-olivier.fr\/en\/history-of-the-vineyards\/\"]}]},{\"@type\":\"BreadcrumbList\",\"@id\":\"https:\/\/champagne-olivier.fr\/en\/history-of-the-vineyards\/#breadcrumb\",\"itemListElement\":[{\"@type\":\"ListItem\",\"position\":1,\"name\":\"Accueil\",\"item\":\"https:\/\/champagne-olivier.fr\/en\/\"},{\"@type\":\"ListItem\",\"position\":2,\"name\":\"History of the vineyards\"}]},{\"@type\":\"WebSite\",\"@id\":\"https:\/\/champagne-olivier.fr\/en\/#website\",\"url\":\"https:\/\/champagne-olivier.fr\/en\/\",\"name\":\"Champagne Olivier P\u00e8re &amp; Fils\",\"description\":\"Une histoire de viticulture familiale en Champagne\",\"potentialAction\":[{\"@type\":\"SearchAction\",\"target\":{\"@type\":\"EntryPoint\",\"urlTemplate\":\"https:\/\/champagne-olivier.fr\/en\/?s={search_term_string}\"},\"query-input\":{\"@type\":\"PropertyValueSpecification\",\"valueRequired\":true,\"valueName\":\"search_term_string\"}}],\"inLanguage\":\"en-US\"}]}<\/script>\n<!-- \/ Yoast SEO plugin. -->","yoast_head_json":{"title":"History of the vineyards - Champagne Olivier P\u00e8re &amp; Fils","description":"L\u2019histoire de la Maison d\u00e9bute en 1910 avec Jules Olivier, v\u00e9ritable amoureux de la terre qui commence \u00e0 travailler la vigne.","robots":{"index":"index","follow":"follow","max-snippet":"max-snippet:-1","max-image-preview":"max-image-preview:large","max-video-preview":"max-video-preview:-1"},"canonical":"https:\/\/champagne-olivier.fr\/en\/history-of-the-vineyards\/","og_locale":"en_US","og_type":"article","og_title":"History of the vineyards - Champagne Olivier P\u00e8re &amp; Fils","og_description":"L\u2019histoire de la Maison d\u00e9bute en 1910 avec Jules Olivier, v\u00e9ritable amoureux de la terre qui commence \u00e0 travailler la vigne.","og_url":"https:\/\/champagne-olivier.fr\/en\/history-of-the-vineyards\/","og_site_name":"Champagne Olivier P\u00e8re &amp; Fils","article_publisher":"https:\/\/www.facebook.com\/champagneolivierpereetfils","article_modified_time":"2024-01-30T09:45:22+00:00","twitter_card":"summary_large_image","schema":{"@context":"https:\/\/schema.org","@graph":[{"@type":"WebPage","@id":"https:\/\/champagne-olivier.fr\/en\/history-of-the-vineyards\/","url":"https:\/\/champagne-olivier.fr\/en\/history-of-the-vineyards\/","name":"History of the vineyards - Champagne Olivier P\u00e8re &amp; Fils","isPartOf":{"@id":"https:\/\/champagne-olivier.fr\/en\/#website"},"datePublished":"2023-08-29T09:15:22+00:00","dateModified":"2024-01-30T09:45:22+00:00","description":"L\u2019histoire de la Maison d\u00e9bute en 1910 avec Jules Olivier, v\u00e9ritable amoureux de la terre qui commence \u00e0 travailler la vigne.","breadcrumb":{"@id":"https:\/\/champagne-olivier.fr\/en\/history-of-the-vineyards\/#breadcrumb"},"inLanguage":"en-US","potentialAction":[{"@type":"ReadAction","target":["https:\/\/champagne-olivier.fr\/en\/history-of-the-vineyards\/"]}]},{"@type":"BreadcrumbList","@id":"https:\/\/champagne-olivier.fr\/en\/history-of-the-vineyards\/#breadcrumb","itemListElement":[{"@type":"ListItem","position":1,"name":"Accueil","item":"https:\/\/champagne-olivier.fr\/en\/"},{"@type":"ListItem","position":2,"name":"History of the vineyards"}]},{"@type":"WebSite","@id":"https:\/\/champagne-olivier.fr\/en\/#website","url":"https:\/\/champagne-olivier.fr\/en\/","name":"Champagne Olivier P\u00e8re &amp; Fils","description":"Une histoire de viticulture familiale en Champagne","potentialAction":[{"@type":"SearchAction","target":{"@type":"EntryPoint","urlTemplate":"https:\/\/champagne-olivier.fr\/en\/?s={search_term_string}"},"query-input":{"@type":"PropertyValueSpecification","valueRequired":true,"valueName":"search_term_string"}}],"inLanguage":"en-US"}]}},"_links":{"self":[{"href":"https:\/\/champagne-olivier.fr\/en\/wp-json\/wp\/v2\/pages\/443","targetHints":{"allow":["GET"]}}],"collection":[{"href":"https:\/\/champagne-olivier.fr\/en\/wp-json\/wp\/v2\/pages"}],"about":[{"href":"https:\/\/champagne-olivier.fr\/en\/wp-json\/wp\/v2\/types\/page"}],"author":[{"embeddable":true,"href":"https:\/\/champagne-olivier.fr\/en\/wp-json\/wp\/v2\/users\/1"}],"replies":[{"embeddable":true,"href":"https:\/\/champagne-olivier.fr\/en\/wp-json\/wp\/v2\/comments?post=443"}],"version-history":[{"count":2,"href":"https:\/\/champagne-olivier.fr\/en\/wp-json\/wp\/v2\/pages\/443\/revisions"}],"predecessor-version":[{"id":445,"href":"https:\/\/champagne-olivier.fr\/en\/wp-json\/wp\/v2\/pages\/443\/revisions\/445"}],"wp:attachment":[{"href":"https:\/\/champagne-olivier.fr\/en\/wp-json\/wp\/v2\/media?parent=443"}],"curies":[{"name":"wp","href":"https:\/\/api.w.org\/{rel}","templated":true}]}}