{"id":450,"date":"2023-09-18T13:36:34","date_gmt":"2023-09-18T13:36:34","guid":{"rendered":"https:\/\/champagne-olivier.fr\/developpement-durable\/"},"modified":"2024-01-30T10:36:52","modified_gmt":"2024-01-30T10:36:52","slug":"sustainable-grape-growing","status":"publish","type":"page","link":"https:\/\/champagne-olivier.fr\/en\/sustainable-grape-growing\/","title":{"rendered":"Sustainable grape growing"},"content":{"rendered":"","protected":false},"excerpt":{"rendered":"","protected":false},"author":1,"featured_media":0,"parent":0,"menu_order":8,"comment_status":"closed","ping_status":"closed","template":"template-developpement-durable.php","meta":{"_acf_changed":false,"inline_featured_image":false,"footnotes":""},"class_list":["post-450","page","type-page","status-publish","hentry"],"acf":[],"yoast_head":"<!-- This site is optimized with the Yoast SEO plugin v24.7 - https:\/\/yoast.com\/wordpress\/plugins\/seo\/ -->\n<title>Sustainable grape growing - Champagne Olivier P\u00e8re &amp; Fils<\/title>\n<meta name=\"description\" content=\"Les fr\u00e8res Olivier ont supprim\u00e9 l\u2019utilisation de d\u00e9sherbant en pratiquant l\u2019enherbement permanent sur 90% du vignoble.\" \/>\n<meta name=\"robots\" content=\"index, follow, max-snippet:-1, max-image-preview:large, max-video-preview:-1\" \/>\n<link rel=\"canonical\" href=\"https:\/\/champagne-olivier.fr\/en\/sustainable-grape-growing\/\" \/>\n<meta property=\"og:locale\" content=\"en_US\" \/>\n<meta property=\"og:type\" content=\"article\" \/>\n<meta property=\"og:title\" content=\"Sustainable grape growing - Champagne Olivier P\u00e8re &amp; Fils\" \/>\n<meta property=\"og:description\" content=\"Les fr\u00e8res Olivier ont supprim\u00e9 l\u2019utilisation de d\u00e9sherbant en pratiquant l\u2019enherbement permanent sur 90% du vignoble.\" \/>\n<meta property=\"og:url\" content=\"https:\/\/champagne-olivier.fr\/en\/sustainable-grape-growing\/\" \/>\n<meta property=\"og:site_name\" content=\"Champagne Olivier P\u00e8re &amp; Fils\" \/>\n<meta property=\"article:publisher\" content=\"https:\/\/www.facebook.com\/champagneolivierpereetfils\" \/>\n<meta property=\"article:modified_time\" content=\"2024-01-30T10:36:52+00:00\" \/>\n<meta name=\"twitter:card\" content=\"summary_large_image\" \/>\n<script type=\"application\/ld+json\" class=\"yoast-schema-graph\">{\"@context\":\"https:\/\/schema.org\",\"@graph\":[{\"@type\":\"WebPage\",\"@id\":\"https:\/\/champagne-olivier.fr\/en\/sustainable-grape-growing\/\",\"url\":\"https:\/\/champagne-olivier.fr\/en\/sustainable-grape-growing\/\",\"name\":\"Sustainable grape growing - Champagne Olivier P\u00e8re &amp; Fils\",\"isPartOf\":{\"@id\":\"https:\/\/champagne-olivier.fr\/en\/#website\"},\"datePublished\":\"2023-09-18T13:36:34+00:00\",\"dateModified\":\"2024-01-30T10:36:52+00:00\",\"description\":\"Les fr\u00e8res Olivier ont supprim\u00e9 l\u2019utilisation de d\u00e9sherbant en pratiquant l\u2019enherbement permanent sur 90% du vignoble.\",\"breadcrumb\":{\"@id\":\"https:\/\/champagne-olivier.fr\/en\/sustainable-grape-growing\/#breadcrumb\"},\"inLanguage\":\"en-US\",\"potentialAction\":[{\"@type\":\"ReadAction\",\"target\":[\"https:\/\/champagne-olivier.fr\/en\/sustainable-grape-growing\/\"]}]},{\"@type\":\"BreadcrumbList\",\"@id\":\"https:\/\/champagne-olivier.fr\/en\/sustainable-grape-growing\/#breadcrumb\",\"itemListElement\":[{\"@type\":\"ListItem\",\"position\":1,\"name\":\"Accueil\",\"item\":\"https:\/\/champagne-olivier.fr\/en\/\"},{\"@type\":\"ListItem\",\"position\":2,\"name\":\"Sustainable grape growing\"}]},{\"@type\":\"WebSite\",\"@id\":\"https:\/\/champagne-olivier.fr\/en\/#website\",\"url\":\"https:\/\/champagne-olivier.fr\/en\/\",\"name\":\"Champagne Olivier P\u00e8re &amp; Fils\",\"description\":\"Une histoire de viticulture familiale en Champagne\",\"potentialAction\":[{\"@type\":\"SearchAction\",\"target\":{\"@type\":\"EntryPoint\",\"urlTemplate\":\"https:\/\/champagne-olivier.fr\/en\/?s={search_term_string}\"},\"query-input\":{\"@type\":\"PropertyValueSpecification\",\"valueRequired\":true,\"valueName\":\"search_term_string\"}}],\"inLanguage\":\"en-US\"}]}<\/script>\n<!-- \/ Yoast SEO plugin. -->","yoast_head_json":{"title":"Sustainable grape growing - Champagne Olivier P\u00e8re &amp; Fils","description":"Les fr\u00e8res Olivier ont supprim\u00e9 l\u2019utilisation de d\u00e9sherbant en pratiquant l\u2019enherbement permanent sur 90% du vignoble.","robots":{"index":"index","follow":"follow","max-snippet":"max-snippet:-1","max-image-preview":"max-image-preview:large","max-video-preview":"max-video-preview:-1"},"canonical":"https:\/\/champagne-olivier.fr\/en\/sustainable-grape-growing\/","og_locale":"en_US","og_type":"article","og_title":"Sustainable grape growing - Champagne Olivier P\u00e8re &amp; Fils","og_description":"Les fr\u00e8res Olivier ont supprim\u00e9 l\u2019utilisation de d\u00e9sherbant en pratiquant l\u2019enherbement permanent sur 90% du vignoble.","og_url":"https:\/\/champagne-olivier.fr\/en\/sustainable-grape-growing\/","og_site_name":"Champagne Olivier P\u00e8re &amp; Fils","article_publisher":"https:\/\/www.facebook.com\/champagneolivierpereetfils","article_modified_time":"2024-01-30T10:36:52+00:00","twitter_card":"summary_large_image","schema":{"@context":"https:\/\/schema.org","@graph":[{"@type":"WebPage","@id":"https:\/\/champagne-olivier.fr\/en\/sustainable-grape-growing\/","url":"https:\/\/champagne-olivier.fr\/en\/sustainable-grape-growing\/","name":"Sustainable grape growing - Champagne Olivier P\u00e8re &amp; Fils","isPartOf":{"@id":"https:\/\/champagne-olivier.fr\/en\/#website"},"datePublished":"2023-09-18T13:36:34+00:00","dateModified":"2024-01-30T10:36:52+00:00","description":"Les fr\u00e8res Olivier ont supprim\u00e9 l\u2019utilisation de d\u00e9sherbant en pratiquant l\u2019enherbement permanent sur 90% du vignoble.","breadcrumb":{"@id":"https:\/\/champagne-olivier.fr\/en\/sustainable-grape-growing\/#breadcrumb"},"inLanguage":"en-US","potentialAction":[{"@type":"ReadAction","target":["https:\/\/champagne-olivier.fr\/en\/sustainable-grape-growing\/"]}]},{"@type":"BreadcrumbList","@id":"https:\/\/champagne-olivier.fr\/en\/sustainable-grape-growing\/#breadcrumb","itemListElement":[{"@type":"ListItem","position":1,"name":"Accueil","item":"https:\/\/champagne-olivier.fr\/en\/"},{"@type":"ListItem","position":2,"name":"Sustainable grape growing"}]},{"@type":"WebSite","@id":"https:\/\/champagne-olivier.fr\/en\/#website","url":"https:\/\/champagne-olivier.fr\/en\/","name":"Champagne Olivier P\u00e8re &amp; Fils","description":"Une histoire de viticulture familiale en Champagne","potentialAction":[{"@type":"SearchAction","target":{"@type":"EntryPoint","urlTemplate":"https:\/\/champagne-olivier.fr\/en\/?s={search_term_string}"},"query-input":{"@type":"PropertyValueSpecification","valueRequired":true,"valueName":"search_term_string"}}],"inLanguage":"en-US"}]}},"_links":{"self":[{"href":"https:\/\/champagne-olivier.fr\/en\/wp-json\/wp\/v2\/pages\/450","targetHints":{"allow":["GET"]}}],"collection":[{"href":"https:\/\/champagne-olivier.fr\/en\/wp-json\/wp\/v2\/pages"}],"about":[{"href":"https:\/\/champagne-olivier.fr\/en\/wp-json\/wp\/v2\/types\/page"}],"author":[{"embeddable":true,"href":"https:\/\/champagne-olivier.fr\/en\/wp-json\/wp\/v2\/users\/1"}],"replies":[{"embeddable":true,"href":"https:\/\/champagne-olivier.fr\/en\/wp-json\/wp\/v2\/comments?post=450"}],"version-history":[{"count":4,"href":"https:\/\/champagne-olivier.fr\/en\/wp-json\/wp\/v2\/pages\/450\/revisions"}],"predecessor-version":[{"id":454,"href":"https:\/\/champagne-olivier.fr\/en\/wp-json\/wp\/v2\/pages\/450\/revisions\/454"}],"wp:attachment":[{"href":"https:\/\/champagne-olivier.fr\/en\/wp-json\/wp\/v2\/media?parent=450"}],"curies":[{"name":"wp","href":"https:\/\/api.w.org\/{rel}","templated":true}]}}