{"id":188,"date":"2023-09-13T12:59:15","date_gmt":"2023-09-13T12:59:15","guid":{"rendered":"https:\/\/cochetconceptweb.fr\/dev\/olivier\/?post_type=product&#038;p=188"},"modified":"2023-09-13T12:59:15","modified_gmt":"2023-09-13T12:59:15","slug":"cuvee-caractere","status":"publish","type":"product","link":"https:\/\/champagne-olivier.fr\/en\/produit\/cuvee-caractere\/","title":{"rendered":"Cuv\u00e9e Caract\u00e8re"},"content":{"rendered":"","protected":false},"excerpt":{"rendered":"","protected":false},"featured_media":178,"comment_status":"open","ping_status":"closed","template":"","meta":{"_acf_changed":false,"inline_featured_image":false},"product_cat":[18],"product_tag":[],"class_list":{"0":"post-188","1":"product","2":"type-product","3":"status-publish","4":"has-post-thumbnail","6":"product_cat-professionnel","8":"first","9":"instock","10":"shipping-taxable","11":"product-type-simple"},"acf":[],"yoast_head":"<!-- This site is optimized with the Yoast SEO plugin v24.7 - https:\/\/yoast.com\/wordpress\/plugins\/seo\/ -->\n<title>Cuv\u00e9e Caract\u00e8re - Champagne Olivier P\u00e8re &amp; Fils<\/title>\n<meta name=\"robots\" content=\"index, follow, max-snippet:-1, max-image-preview:large, max-video-preview:-1\" \/>\n<link rel=\"canonical\" href=\"https:\/\/champagne-olivier.fr\/en\/produit\/cuvee-caractere\/\" \/>\n<meta property=\"og:locale\" content=\"en_US\" \/>\n<meta property=\"og:type\" content=\"article\" \/>\n<meta property=\"og:title\" content=\"Cuv\u00e9e Caract\u00e8re - Champagne Olivier P\u00e8re &amp; Fils\" \/>\n<meta property=\"og:url\" content=\"https:\/\/champagne-olivier.fr\/en\/produit\/cuvee-caractere\/\" \/>\n<meta property=\"og:site_name\" content=\"Champagne Olivier P\u00e8re &amp; Fils\" \/>\n<meta property=\"article:publisher\" content=\"https:\/\/www.facebook.com\/champagneolivierpereetfils\" \/>\n<meta property=\"og:image\" content=\"https:\/\/champagne-olivier.fr\/wp-content\/uploads\/2023\/09\/OLIVIER-CARACTERE-1-276x1024.png\" \/>\n\t<meta property=\"og:image:width\" content=\"276\" \/>\n\t<meta property=\"og:image:height\" content=\"1024\" \/>\n\t<meta property=\"og:image:type\" content=\"image\/png\" \/>\n<meta name=\"twitter:card\" content=\"summary_large_image\" \/>\n<script type=\"application\/ld+json\" class=\"yoast-schema-graph\">{\"@context\":\"https:\/\/schema.org\",\"@graph\":[{\"@type\":\"WebPage\",\"@id\":\"https:\/\/champagne-olivier.fr\/en\/produit\/cuvee-caractere\/\",\"url\":\"https:\/\/champagne-olivier.fr\/en\/produit\/cuvee-caractere\/\",\"name\":\"Cuv\u00e9e Caract\u00e8re - Champagne Olivier P\u00e8re &amp; Fils\",\"isPartOf\":{\"@id\":\"https:\/\/champagne-olivier.fr\/en\/#website\"},\"primaryImageOfPage\":{\"@id\":\"https:\/\/champagne-olivier.fr\/en\/produit\/cuvee-caractere\/#primaryimage\"},\"image\":{\"@id\":\"https:\/\/champagne-olivier.fr\/en\/produit\/cuvee-caractere\/#primaryimage\"},\"thumbnailUrl\":\"https:\/\/champagne-olivier.fr\/wp-content\/uploads\/2023\/09\/OLIVIER-CARACTERE-1.png\",\"datePublished\":\"2023-09-13T12:59:15+00:00\",\"breadcrumb\":{\"@id\":\"https:\/\/champagne-olivier.fr\/en\/produit\/cuvee-caractere\/#breadcrumb\"},\"inLanguage\":\"en-US\",\"potentialAction\":[{\"@type\":\"ReadAction\",\"target\":[\"https:\/\/champagne-olivier.fr\/en\/produit\/cuvee-caractere\/\"]}]},{\"@type\":\"ImageObject\",\"inLanguage\":\"en-US\",\"@id\":\"https:\/\/champagne-olivier.fr\/en\/produit\/cuvee-caractere\/#primaryimage\",\"url\":\"https:\/\/champagne-olivier.fr\/wp-content\/uploads\/2023\/09\/OLIVIER-CARACTERE-1.png\",\"contentUrl\":\"https:\/\/champagne-olivier.fr\/wp-content\/uploads\/2023\/09\/OLIVIER-CARACTERE-1.png\",\"width\":1495,\"height\":5541},{\"@type\":\"BreadcrumbList\",\"@id\":\"https:\/\/champagne-olivier.fr\/en\/produit\/cuvee-caractere\/#breadcrumb\",\"itemListElement\":[{\"@type\":\"ListItem\",\"position\":1,\"name\":\"Accueil\",\"item\":\"https:\/\/champagne-olivier.fr\/en\/\"},{\"@type\":\"ListItem\",\"position\":2,\"name\":\"Shop\",\"item\":\"https:\/\/champagne-olivier.fr\/en\/shop\/\"},{\"@type\":\"ListItem\",\"position\":3,\"name\":\"Cuv\u00e9e Caract\u00e8re\"}]},{\"@type\":\"WebSite\",\"@id\":\"https:\/\/champagne-olivier.fr\/en\/#website\",\"url\":\"https:\/\/champagne-olivier.fr\/en\/\",\"name\":\"Champagne Olivier P\u00e8re &amp; Fils\",\"description\":\"Une histoire de viticulture familiale en Champagne\",\"potentialAction\":[{\"@type\":\"SearchAction\",\"target\":{\"@type\":\"EntryPoint\",\"urlTemplate\":\"https:\/\/champagne-olivier.fr\/en\/?s={search_term_string}\"},\"query-input\":{\"@type\":\"PropertyValueSpecification\",\"valueRequired\":true,\"valueName\":\"search_term_string\"}}],\"inLanguage\":\"en-US\"}]}<\/script>\n<!-- \/ Yoast SEO plugin. -->","yoast_head_json":{"title":"Cuv\u00e9e Caract\u00e8re - Champagne Olivier P\u00e8re &amp; Fils","robots":{"index":"index","follow":"follow","max-snippet":"max-snippet:-1","max-image-preview":"max-image-preview:large","max-video-preview":"max-video-preview:-1"},"canonical":"https:\/\/champagne-olivier.fr\/en\/produit\/cuvee-caractere\/","og_locale":"en_US","og_type":"article","og_title":"Cuv\u00e9e Caract\u00e8re - Champagne Olivier P\u00e8re &amp; Fils","og_url":"https:\/\/champagne-olivier.fr\/en\/produit\/cuvee-caractere\/","og_site_name":"Champagne Olivier P\u00e8re &amp; Fils","article_publisher":"https:\/\/www.facebook.com\/champagneolivierpereetfils","og_image":[{"width":276,"height":1024,"url":"https:\/\/champagne-olivier.fr\/wp-content\/uploads\/2023\/09\/OLIVIER-CARACTERE-1-276x1024.png","type":"image\/png"}],"twitter_card":"summary_large_image","schema":{"@context":"https:\/\/schema.org","@graph":[{"@type":"WebPage","@id":"https:\/\/champagne-olivier.fr\/en\/produit\/cuvee-caractere\/","url":"https:\/\/champagne-olivier.fr\/en\/produit\/cuvee-caractere\/","name":"Cuv\u00e9e Caract\u00e8re - Champagne Olivier P\u00e8re &amp; Fils","isPartOf":{"@id":"https:\/\/champagne-olivier.fr\/en\/#website"},"primaryImageOfPage":{"@id":"https:\/\/champagne-olivier.fr\/en\/produit\/cuvee-caractere\/#primaryimage"},"image":{"@id":"https:\/\/champagne-olivier.fr\/en\/produit\/cuvee-caractere\/#primaryimage"},"thumbnailUrl":"https:\/\/champagne-olivier.fr\/wp-content\/uploads\/2023\/09\/OLIVIER-CARACTERE-1.png","datePublished":"2023-09-13T12:59:15+00:00","breadcrumb":{"@id":"https:\/\/champagne-olivier.fr\/en\/produit\/cuvee-caractere\/#breadcrumb"},"inLanguage":"en-US","potentialAction":[{"@type":"ReadAction","target":["https:\/\/champagne-olivier.fr\/en\/produit\/cuvee-caractere\/"]}]},{"@type":"ImageObject","inLanguage":"en-US","@id":"https:\/\/champagne-olivier.fr\/en\/produit\/cuvee-caractere\/#primaryimage","url":"https:\/\/champagne-olivier.fr\/wp-content\/uploads\/2023\/09\/OLIVIER-CARACTERE-1.png","contentUrl":"https:\/\/champagne-olivier.fr\/wp-content\/uploads\/2023\/09\/OLIVIER-CARACTERE-1.png","width":1495,"height":5541},{"@type":"BreadcrumbList","@id":"https:\/\/champagne-olivier.fr\/en\/produit\/cuvee-caractere\/#breadcrumb","itemListElement":[{"@type":"ListItem","position":1,"name":"Accueil","item":"https:\/\/champagne-olivier.fr\/en\/"},{"@type":"ListItem","position":2,"name":"Shop","item":"https:\/\/champagne-olivier.fr\/en\/shop\/"},{"@type":"ListItem","position":3,"name":"Cuv\u00e9e Caract\u00e8re"}]},{"@type":"WebSite","@id":"https:\/\/champagne-olivier.fr\/en\/#website","url":"https:\/\/champagne-olivier.fr\/en\/","name":"Champagne Olivier P\u00e8re &amp; Fils","description":"Une histoire de viticulture familiale en Champagne","potentialAction":[{"@type":"SearchAction","target":{"@type":"EntryPoint","urlTemplate":"https:\/\/champagne-olivier.fr\/en\/?s={search_term_string}"},"query-input":{"@type":"PropertyValueSpecification","valueRequired":true,"valueName":"search_term_string"}}],"inLanguage":"en-US"}]}},"_links":{"self":[{"href":"https:\/\/champagne-olivier.fr\/en\/wp-json\/wp\/v2\/product\/188","targetHints":{"allow":["GET"]}}],"collection":[{"href":"https:\/\/champagne-olivier.fr\/en\/wp-json\/wp\/v2\/product"}],"about":[{"href":"https:\/\/champagne-olivier.fr\/en\/wp-json\/wp\/v2\/types\/product"}],"replies":[{"embeddable":true,"href":"https:\/\/champagne-olivier.fr\/en\/wp-json\/wp\/v2\/comments?post=188"}],"wp:featuredmedia":[{"embeddable":true,"href":"https:\/\/champagne-olivier.fr\/en\/wp-json\/wp\/v2\/media\/178"}],"wp:attachment":[{"href":"https:\/\/champagne-olivier.fr\/en\/wp-json\/wp\/v2\/media?parent=188"}],"wp:term":[{"taxonomy":"product_cat","embeddable":true,"href":"https:\/\/champagne-olivier.fr\/en\/wp-json\/wp\/v2\/product_cat?post=188"},{"taxonomy":"product_tag","embeddable":true,"href":"https:\/\/champagne-olivier.fr\/en\/wp-json\/wp\/v2\/product_tag?post=188"}],"curies":[{"name":"wp","href":"https:\/\/api.w.org\/{rel}","templated":true}]}}